{"id":16,"date":"2023-11-13T23:44:03","date_gmt":"2023-11-13T23:44:03","guid":{"rendered":"https:\/\/mafiosacervejaria.com.br\/mafiosa\/?page_id=16"},"modified":"2024-12-17T09:57:37","modified_gmt":"2024-12-17T12:57:37","slug":"a-mafiosa","status":"publish","type":"page","link":"https:\/\/mafiosacervejaria.com.br\/mafiosa\/a-mafiosa\/","title":{"rendered":"A Mafiosa"},"content":{"rendered":"\t\t<div data-elementor-type=\"wp-page\" data-elementor-id=\"16\" class=\"elementor elementor-16\" data-elementor-post-type=\"page\">\n\t\t\t\t<div class=\"elementor-element elementor-element-83248e7 e-con-full animated-fast e-flex elementor-invisible e-con e-parent\" data-id=\"83248e7\" data-element_type=\"container\" data-settings=\"{&quot;animation&quot;:&quot;fadeIn&quot;}\">\n\t\t\t\t<\/div>\n\t\t<div class=\"elementor-element elementor-element-080f4ed e-con-full e-flex e-con e-parent\" data-id=\"080f4ed\" data-element_type=\"container\">\n\t\t\t\t<div class=\"elementor-element elementor-element-1d50b7b elementor-invisible elementor-widget elementor-widget-image\" data-id=\"1d50b7b\" data-element_type=\"widget\" data-settings=\"{&quot;_animation&quot;:&quot;fadeInUp&quot;}\" data-widget_type=\"image.default\">\n\t\t\t\t\t\t\t\t\t\t\t\t\t\t\t<img fetchpriority=\"high\" decoding=\"async\" width=\"1024\" height=\"750\" src=\"https:\/\/mafiosacervejaria.com.br\/mafiosa\/wp-content\/uploads\/2024\/02\/ARABESCO-1024x750.webp\" class=\"attachment-large size-large wp-image-222\" alt=\"\" srcset=\"https:\/\/mafiosacervejaria.com.br\/mafiosa\/wp-content\/uploads\/2024\/02\/ARABESCO-1024x750.webp 1024w, https:\/\/mafiosacervejaria.com.br\/mafiosa\/wp-content\/uploads\/2024\/02\/ARABESCO-300x220.webp 300w, https:\/\/mafiosacervejaria.com.br\/mafiosa\/wp-content\/uploads\/2024\/02\/ARABESCO-768x562.webp 768w, https:\/\/mafiosacervejaria.com.br\/mafiosa\/wp-content\/uploads\/2024\/02\/ARABESCO-1536x1125.webp 1536w, https:\/\/mafiosacervejaria.com.br\/mafiosa\/wp-content\/uploads\/2024\/02\/ARABESCO-2048x1500.webp 1920w, https:\/\/mafiosacervejaria.com.br\/mafiosa\/wp-content\/uploads\/2024\/02\/ARABESCO-600x439.png 600w, https:\/\/mafiosacervejaria.com.br\/mafiosa\/wp-content\/uploads\/2024\/02\/ARABESCO-e1734440185661.webp 358w\" sizes=\"(max-width: 1024px) 100vw, 1024px\" \/>\t\t\t\t\t\t\t\t\t\t\t\t\t\t\t<\/div>\n\t\t\t\t<\/div>\n\t\t<div class=\"elementor-element elementor-element-bcfd574 e-flex e-con-boxed e-con e-parent\" data-id=\"bcfd574\" data-element_type=\"container\">\n\t\t\t\t\t<div class=\"e-con-inner\">\n\t\t<div class=\"elementor-element elementor-element-fbdfa8d e-con-full e-flex elementor-invisible e-con e-child\" data-id=\"fbdfa8d\" data-element_type=\"container\" data-settings=\"{&quot;animation&quot;:&quot;fadeInUp&quot;}\">\n\t\t\t\t<div class=\"elementor-element elementor-element-4679840 elementor-widget elementor-widget-heading\" data-id=\"4679840\" data-element_type=\"widget\" data-widget_type=\"heading.default\">\n\t\t\t\t\t<h2 class=\"elementor-heading-title elementor-size-default\">A MAFIOSA<\/h2>\t\t\t\t<\/div>\n\t\t\t\t<div class=\"elementor-element elementor-element-b875ba0 elementor-widget__width-inherit elementor-widget-divider--view-line elementor-widget elementor-widget-divider\" data-id=\"b875ba0\" data-element_type=\"widget\" data-widget_type=\"divider.default\">\n\t\t\t\t\t\t\t<div class=\"elementor-divider\">\n\t\t\t<span class=\"elementor-divider-separator\">\n\t\t\t\t\t\t<\/span>\n\t\t<\/div>\n\t\t\t\t\t\t<\/div>\n\t\t\t\t<div class=\"elementor-element elementor-element-fe0aae0 elementor-widget__width-inherit elementor-widget elementor-widget-heading\" data-id=\"fe0aae0\" data-element_type=\"widget\" data-widget_type=\"heading.default\">\n\t\t\t\t\t<h2 class=\"elementor-heading-title elementor-size-default\">A Mafiosa \u00e9 uma cervejaria cigana de Valinhos, come\u00e7ou a sua hist\u00f3ria em 2013 quando alguns amigos se reuniram para fazer cerveja em casa. O nome da cervejaria surgiu da produ\u00e7\u00e3o caseira, que lembrava as instala\u00e7\u00f5es onde eram fabricadas as bebidas durante a Lei Seca americana, controlada pela m\u00e1fia italiana.\n<P>\n<P>\nInspirados na m\u00e1fia no cinema, os r\u00f3tulos da Mafiosa sempre foram criados em homenagem a algum filme ou personagem, ou at\u00e9 a algum detalhe do mundo cinematogr\u00e1fico e as receitas seguem a Escola de Cerveja Americana.\n<P>\n<P>\nEm 2015, produzindo na f\u00e1brica da cervejaria D\u00e1diva, a Mafiosa criou seu primeiro r\u00f3tulo comercial a IPA Don Drino, que \u00e9 a receita preferida dos amigos. Outro r\u00f3tulo importante da Mafiosa \u00e9 a premiada cerveja \u201cA Noiva\u201d, uma American Wheat com notas c\u00edtricas.<\/h2>\t\t\t\t<\/div>\n\t\t\t\t<\/div>\n\t\t\t\t<div class=\"elementor-element elementor-element-d05565c animated-slow elementor-invisible elementor-widget elementor-widget-image\" data-id=\"d05565c\" data-element_type=\"widget\" data-settings=\"{&quot;_animation&quot;:&quot;fadeInUp&quot;}\" data-widget_type=\"image.default\">\n\t\t\t\t\t\t\t\t\t\t\t\t\t\t\t<img decoding=\"async\" width=\"1365\" height=\"2048\" src=\"https:\/\/mafiosacervejaria.com.br\/mafiosa\/wp-content\/uploads\/2024\/02\/SOCIOS-2.png\" class=\"attachment-full size-full wp-image-590\" alt=\"\" srcset=\"https:\/\/mafiosacervejaria.com.br\/mafiosa\/wp-content\/uploads\/2024\/02\/SOCIOS-2.png 1365w, https:\/\/mafiosacervejaria.com.br\/mafiosa\/wp-content\/uploads\/2024\/02\/SOCIOS-2-200x300.png 200w, https:\/\/mafiosacervejaria.com.br\/mafiosa\/wp-content\/uploads\/2024\/02\/SOCIOS-2-683x1024.png 683w, https:\/\/mafiosacervejaria.com.br\/mafiosa\/wp-content\/uploads\/2024\/02\/SOCIOS-2-768x1152.png 768w, https:\/\/mafiosacervejaria.com.br\/mafiosa\/wp-content\/uploads\/2024\/02\/SOCIOS-2-1024x1536.png 1024w, https:\/\/mafiosacervejaria.com.br\/mafiosa\/wp-content\/uploads\/2024\/02\/SOCIOS-2-600x900.png 600w\" sizes=\"(max-width: 1365px) 100vw, 1365px\" \/>\t\t\t\t\t\t\t\t\t\t\t\t\t\t\t<\/div>\n\t\t\t\t\t<\/div>\n\t\t\t\t<\/div>\n\t\t\t\t<\/div>\n\t\t","protected":false},"excerpt":{"rendered":"<p>A MAFIOSA A Mafiosa \u00e9 uma cervejaria cigana de Valinhos, come\u00e7ou a sua hist\u00f3ria em 2013 quando alguns amigos se reuniram para fazer cerveja em casa. O nome da cervejaria surgiu da produ\u00e7\u00e3o caseira, que lembrava as instala\u00e7\u00f5es onde eram fabricadas as bebidas durante a Lei Seca americana, controlada pela m\u00e1fia italiana. Inspirados na m\u00e1fia [&hellip;]<\/p>\n","protected":false},"author":1,"featured_media":0,"parent":0,"menu_order":0,"comment_status":"closed","ping_status":"closed","template":"elementor_header_footer","meta":{"footnotes":""},"class_list":["post-16","page","type-page","status-publish","hentry"],"_links":{"self":[{"href":"https:\/\/mafiosacervejaria.com.br\/mafiosa\/wp-json\/wp\/v2\/pages\/16","targetHints":{"allow":["GET"]}}],"collection":[{"href":"https:\/\/mafiosacervejaria.com.br\/mafiosa\/wp-json\/wp\/v2\/pages"}],"about":[{"href":"https:\/\/mafiosacervejaria.com.br\/mafiosa\/wp-json\/wp\/v2\/types\/page"}],"author":[{"embeddable":true,"href":"https:\/\/mafiosacervejaria.com.br\/mafiosa\/wp-json\/wp\/v2\/users\/1"}],"replies":[{"embeddable":true,"href":"https:\/\/mafiosacervejaria.com.br\/mafiosa\/wp-json\/wp\/v2\/comments?post=16"}],"version-history":[{"count":6,"href":"https:\/\/mafiosacervejaria.com.br\/mafiosa\/wp-json\/wp\/v2\/pages\/16\/revisions"}],"predecessor-version":[{"id":1673,"href":"https:\/\/mafiosacervejaria.com.br\/mafiosa\/wp-json\/wp\/v2\/pages\/16\/revisions\/1673"}],"wp:attachment":[{"href":"https:\/\/mafiosacervejaria.com.br\/mafiosa\/wp-json\/wp\/v2\/media?parent=16"}],"curies":[{"name":"wp","href":"https:\/\/api.w.org\/{rel}","templated":true}]}}