{"id":10,"date":"2023-11-13T23:40:45","date_gmt":"2023-11-13T23:40:45","guid":{"rendered":"https:\/\/mafiosacervejaria.com.br\/mafiosa\/?page_id=10"},"modified":"2024-12-17T10:01:00","modified_gmt":"2024-12-17T13:01:00","slug":"home","status":"publish","type":"page","link":"https:\/\/mafiosacervejaria.com.br\/mafiosa\/","title":{"rendered":"Home"},"content":{"rendered":"\t\t<div data-elementor-type=\"wp-page\" data-elementor-id=\"10\" class=\"elementor elementor-10\" data-elementor-post-type=\"page\">\n\t\t\t\t<div class=\"elementor-element elementor-element-4514eeb e-con-full e-flex e-con e-parent\" data-id=\"4514eeb\" data-element_type=\"container\">\n\t\t\t\t<\/div>\n\t\t<div class=\"elementor-element elementor-element-8c646cc e-con-full e-flex e-con e-parent\" data-id=\"8c646cc\" data-element_type=\"container\">\n\t\t\t\t<div class=\"elementor-element elementor-element-9a3493e elementor-invisible elementor-widget elementor-widget-image\" data-id=\"9a3493e\" data-element_type=\"widget\" data-settings=\"{&quot;_animation&quot;:&quot;fadeInUp&quot;}\" data-widget_type=\"image.default\">\n\t\t\t\t\t\t\t\t\t\t\t\t\t\t\t<img fetchpriority=\"high\" decoding=\"async\" width=\"1024\" height=\"750\" src=\"https:\/\/mafiosacervejaria.com.br\/mafiosa\/wp-content\/uploads\/2024\/02\/ARABESCO-1024x750.webp\" class=\"attachment-large size-large wp-image-222\" alt=\"\" srcset=\"https:\/\/mafiosacervejaria.com.br\/mafiosa\/wp-content\/uploads\/2024\/02\/ARABESCO-1024x750.webp 1024w, https:\/\/mafiosacervejaria.com.br\/mafiosa\/wp-content\/uploads\/2024\/02\/ARABESCO-300x220.webp 300w, https:\/\/mafiosacervejaria.com.br\/mafiosa\/wp-content\/uploads\/2024\/02\/ARABESCO-768x562.webp 768w, https:\/\/mafiosacervejaria.com.br\/mafiosa\/wp-content\/uploads\/2024\/02\/ARABESCO-1536x1125.webp 1536w, https:\/\/mafiosacervejaria.com.br\/mafiosa\/wp-content\/uploads\/2024\/02\/ARABESCO-2048x1500.webp 1920w, https:\/\/mafiosacervejaria.com.br\/mafiosa\/wp-content\/uploads\/2024\/02\/ARABESCO-600x439.png 600w, https:\/\/mafiosacervejaria.com.br\/mafiosa\/wp-content\/uploads\/2024\/02\/ARABESCO-e1734440185661.webp 358w\" sizes=\"(max-width: 1024px) 100vw, 1024px\" \/>\t\t\t\t\t\t\t\t\t\t\t\t\t\t\t<\/div>\n\t\t\t\t<\/div>\n\t\t<div class=\"elementor-element elementor-element-17a18cb e-con-full e-flex e-con e-parent\" data-id=\"17a18cb\" data-element_type=\"container\">\n\t\t\t\t<div class=\"elementor-element elementor-element-65b54bd elementor-widget__width-inherit elementor-invisible elementor-widget elementor-widget-heading\" data-id=\"65b54bd\" data-element_type=\"widget\" data-settings=\"{&quot;_animation&quot;:&quot;fadeInUp&quot;}\" data-widget_type=\"heading.default\">\n\t\t\t\t\t<h1 class=\"elementor-heading-title elementor-size-default\">Uma Proposta Irrecus\u00e1vel<\/h1>\t\t\t\t<\/div>\n\t\t\t\t<\/div>\n\t\t<div class=\"elementor-element elementor-element-23e3c1d e-flex e-con-boxed e-con e-parent\" data-id=\"23e3c1d\" data-element_type=\"container\">\n\t\t\t\t\t<div class=\"e-con-inner\">\n\t\t<div class=\"elementor-element elementor-element-ca7a5c0 e-con-full e-flex elementor-invisible e-con e-child\" data-id=\"ca7a5c0\" data-element_type=\"container\" data-settings=\"{&quot;animation&quot;:&quot;fadeInUp&quot;}\">\n\t\t\t\t<div class=\"elementor-element elementor-element-346dd94 elementor-widget elementor-widget-heading\" data-id=\"346dd94\" data-element_type=\"widget\" data-widget_type=\"heading.default\">\n\t\t\t\t\t<h2 class=\"elementor-heading-title elementor-size-default\">A MAFIOSA<\/h2>\t\t\t\t<\/div>\n\t\t\t\t<div class=\"elementor-element elementor-element-d69fd97 elementor-widget__width-inherit elementor-widget-divider--view-line elementor-widget elementor-widget-divider\" data-id=\"d69fd97\" data-element_type=\"widget\" data-widget_type=\"divider.default\">\n\t\t\t\t\t\t\t<div class=\"elementor-divider\">\n\t\t\t<span class=\"elementor-divider-separator\">\n\t\t\t\t\t\t<\/span>\n\t\t<\/div>\n\t\t\t\t\t\t<\/div>\n\t\t\t\t<div class=\"elementor-element elementor-element-6aef013 elementor-widget__width-inherit elementor-widget elementor-widget-heading\" data-id=\"6aef013\" data-element_type=\"widget\" data-widget_type=\"heading.default\">\n\t\t\t\t\t<h2 class=\"elementor-heading-title elementor-size-default\">A Mafiosa \u00e9 uma cervejaria cigana de Valinhos, come\u00e7ou a sua hist\u00f3ria em 2013 quando alguns amigos se reuniram para fazer cerveja em casa. O nome da cervejaria surgiu da produ\u00e7\u00e3o caseira, que lembrava as instala\u00e7\u00f5es onde eram fabricadas as bebidas durante a Lei Seca americana, controlada pela m\u00e1fia italiana.<\/h2>\t\t\t\t<\/div>\n\t\t\t\t<div class=\"elementor-element elementor-element-3ac03db elementor-widget elementor-widget-button\" data-id=\"3ac03db\" data-element_type=\"widget\" data-widget_type=\"button.default\">\n\t\t\t\t\t\t\t\t\t\t<a class=\"elementor-button elementor-button-link elementor-size-sm\" href=\"https:\/\/mafiosacervejaria.com.br\/mafiosa\/mafiosa\/a-mafiosa\/\">\n\t\t\t\t\t\t<span class=\"elementor-button-content-wrapper\">\n\t\t\t\t\t\t\t\t\t<span class=\"elementor-button-text\">Saiba mais...<\/span>\n\t\t\t\t\t<\/span>\n\t\t\t\t\t<\/a>\n\t\t\t\t\t\t\t\t<\/div>\n\t\t\t\t<\/div>\n\t\t\t\t<div class=\"elementor-element elementor-element-432f6a5 animated-slow elementor-invisible elementor-widget elementor-widget-image\" data-id=\"432f6a5\" data-element_type=\"widget\" data-settings=\"{&quot;_animation&quot;:&quot;fadeInUp&quot;}\" data-widget_type=\"image.default\">\n\t\t\t\t\t\t\t\t\t\t\t\t\t\t\t<img decoding=\"async\" src=\"https:\/\/mafiosacervejaria.com.br\/mafiosa\/mafiosa\/wp-content\/uploads\/2024\/02\/CARROSSEL_6.jpg\" title=\"\" alt=\"\" loading=\"lazy\" \/>\t\t\t\t\t\t\t\t\t\t\t\t\t\t\t<\/div>\n\t\t\t\t<div class=\"elementor-element elementor-element-81955c4 animated-slow elementor-invisible elementor-widget elementor-widget-image\" data-id=\"81955c4\" data-element_type=\"widget\" data-settings=\"{&quot;_animation&quot;:&quot;fadeInUp&quot;}\" data-widget_type=\"image.default\">\n\t\t\t\t\t\t\t\t\t\t\t\t\t\t\t<img decoding=\"async\" width=\"1024\" height=\"515\" src=\"https:\/\/mafiosacervejaria.com.br\/mafiosa\/wp-content\/uploads\/2024\/02\/BAR-1024x515.png\" class=\"attachment-large size-large wp-image-621\" alt=\"\" srcset=\"https:\/\/mafiosacervejaria.com.br\/mafiosa\/wp-content\/uploads\/2024\/02\/BAR-1024x515.png 1024w, https:\/\/mafiosacervejaria.com.br\/mafiosa\/wp-content\/uploads\/2024\/02\/BAR-300x151.png 300w, https:\/\/mafiosacervejaria.com.br\/mafiosa\/wp-content\/uploads\/2024\/02\/BAR-768x387.png 768w, https:\/\/mafiosacervejaria.com.br\/mafiosa\/wp-content\/uploads\/2024\/02\/BAR-600x302.png 600w, https:\/\/mafiosacervejaria.com.br\/mafiosa\/wp-content\/uploads\/2024\/02\/BAR.png 1365w\" sizes=\"(max-width: 1024px) 100vw, 1024px\" \/>\t\t\t\t\t\t\t\t\t\t\t\t\t\t\t<\/div>\n\t\t\t\t\t<\/div>\n\t\t\t\t<\/div>\n\t\t<div class=\"elementor-element elementor-element-371fb3e e-flex e-con-boxed e-con e-parent\" data-id=\"371fb3e\" data-element_type=\"container\">\n\t\t\t\t\t<div class=\"e-con-inner\">\n\t\t<div class=\"elementor-element elementor-element-4992ebe e-con-full e-flex elementor-invisible e-con e-child\" data-id=\"4992ebe\" data-element_type=\"container\" data-settings=\"{&quot;animation&quot;:&quot;fadeInUp&quot;}\">\n\t\t\t\t<div class=\"elementor-element elementor-element-38ed5c8 elementor-widget elementor-widget-heading\" data-id=\"38ed5c8\" data-element_type=\"widget\" data-widget_type=\"heading.default\">\n\t\t\t\t\t<h2 class=\"elementor-heading-title elementor-size-default\">NOSSAS CERVEJAS<\/h2>\t\t\t\t<\/div>\n\t\t\t\t<div class=\"elementor-element elementor-element-4623f86 elementor-widget__width-inherit elementor-widget-divider--view-line elementor-widget elementor-widget-divider\" data-id=\"4623f86\" data-element_type=\"widget\" data-widget_type=\"divider.default\">\n\t\t\t\t\t\t\t<div class=\"elementor-divider\">\n\t\t\t<span class=\"elementor-divider-separator\">\n\t\t\t\t\t\t<\/span>\n\t\t<\/div>\n\t\t\t\t\t\t<\/div>\n\t\t\t\t<div class=\"elementor-element elementor-element-90024dd elementor-widget__width-inherit elementor-widget elementor-widget-heading\" data-id=\"90024dd\" data-element_type=\"widget\" data-widget_type=\"heading.default\">\n\t\t\t\t\t<h2 class=\"elementor-heading-title elementor-size-default\">Inspirados na m\u00e1fia do cinema, nossas cria\u00e7\u00f5es de r\u00f3tulos sempre tenta homenagear algum filme, personagem ou at\u00e9 a algum detalhe do mundo cinematogr\u00e1fico seguindo na maioria das vezes a Escola de Cerveja Americana.<\/h2>\t\t\t\t<\/div>\n\t\t\t\t<div class=\"elementor-element elementor-element-4a16573 elementor-widget elementor-widget-button\" data-id=\"4a16573\" data-element_type=\"widget\" data-widget_type=\"button.default\">\n\t\t\t\t\t\t\t\t\t\t<a class=\"elementor-button elementor-button-link elementor-size-sm\" href=\"https:\/\/mafiosacervejaria.com.br\/mafiosa\/mafiosa\/cervejas\/\">\n\t\t\t\t\t\t<span class=\"elementor-button-content-wrapper\">\n\t\t\t\t\t\t\t\t\t<span class=\"elementor-button-text\">Conhe\u00e7a mais...<\/span>\n\t\t\t\t\t<\/span>\n\t\t\t\t\t<\/a>\n\t\t\t\t\t\t\t\t<\/div>\n\t\t\t\t<\/div>\n\t\t\t\t<div class=\"elementor-element elementor-element-056e9db animated-slow elementor-invisible elementor-widget elementor-widget-image\" data-id=\"056e9db\" data-element_type=\"widget\" data-settings=\"{&quot;_animation&quot;:&quot;fadeInUp&quot;}\" data-widget_type=\"image.default\">\n\t\t\t\t\t\t\t\t\t\t\t\t\t\t\t<img decoding=\"async\" width=\"1024\" height=\"515\" src=\"https:\/\/mafiosacervejaria.com.br\/mafiosa\/wp-content\/uploads\/2024\/02\/CERVEJAS-1024x515.jpg\" class=\"attachment-large size-large wp-image-223\" alt=\"\" srcset=\"https:\/\/mafiosacervejaria.com.br\/mafiosa\/wp-content\/uploads\/2024\/02\/CERVEJAS-1024x515.jpg 1024w, https:\/\/mafiosacervejaria.com.br\/mafiosa\/wp-content\/uploads\/2024\/02\/CERVEJAS-300x151.jpg 300w, https:\/\/mafiosacervejaria.com.br\/mafiosa\/wp-content\/uploads\/2024\/02\/CERVEJAS-768x386.jpg 768w, https:\/\/mafiosacervejaria.com.br\/mafiosa\/wp-content\/uploads\/2024\/02\/CERVEJAS-600x302.jpg 600w, https:\/\/mafiosacervejaria.com.br\/mafiosa\/wp-content\/uploads\/2024\/02\/CERVEJAS.jpg 1366w\" sizes=\"(max-width: 1024px) 100vw, 1024px\" \/>\t\t\t\t\t\t\t\t\t\t\t\t\t\t\t<\/div>\n\t\t\t\t\t<\/div>\n\t\t\t\t<\/div>\n\t\t<div class=\"elementor-element elementor-element-dbbc7e4 e-flex e-con-boxed e-con e-parent\" data-id=\"dbbc7e4\" data-element_type=\"container\">\n\t\t\t\t\t<div class=\"e-con-inner\">\n\t\t\t\t<div class=\"elementor-element elementor-element-9476237 elementor-widget-mobile__width-inherit elementor-invisible elementor-widget elementor-widget-shortcode\" data-id=\"9476237\" data-element_type=\"widget\" data-settings=\"{&quot;_animation&quot;:&quot;fadeInUp&quot;}\" data-widget_type=\"shortcode.default\">\n\t\t\t\t\t\t\t<div class=\"elementor-shortcode\"><pre class=\"ti-widget\" style=\"display: none\"><template id=\"trustindex-google-widget-html\"><div class=\"ti-widget ti-goog ti-review-text-mode-readmore ti-text-align-left\" data-no-translation=\"true\" data-layout-id=\"34\" data-layout-category=\"slider\" data-set-id=\"light-background\" data-pid=\"\" data-language=\"pt\" data-review-target-width=\"300\" data-css-version=\"2\" data-review-text-mode=\"readmore\" data-reply-by-locale=\"Resposta do propriet\u00e1rio\" data-pager-autoplay-timeout=\"6\" > <div class=\"ti-widget-container ti-col-3\"> <div class=\"ti-header ti-header-grid source-Google\"> <div class=\"ti-fade-container\"> <div class=\"ti-rating-text\"> <strong class=\"ti-rating ti-rating-large\"> EXCELENTE <\/strong> <\/div> <span class=\"ti-stars star-lg\"><trustindex-image class=\"ti-star\" data-imgurl=\"https:\/\/cdn.trustindex.io\/assets\/platform\/Google\/star\/f.svg\" alt=\"Google\" width=\"17\" height=\"17\" loading=\"lazy\" ><\/trustindex-image><trustindex-image class=\"ti-star\" data-imgurl=\"https:\/\/cdn.trustindex.io\/assets\/platform\/Google\/star\/f.svg\" alt=\"Google\" width=\"17\" height=\"17\" loading=\"lazy\" ><\/trustindex-image><trustindex-image class=\"ti-star\" data-imgurl=\"https:\/\/cdn.trustindex.io\/assets\/platform\/Google\/star\/f.svg\" alt=\"Google\" width=\"17\" height=\"17\" loading=\"lazy\" ><\/trustindex-image><trustindex-image class=\"ti-star\" data-imgurl=\"https:\/\/cdn.trustindex.io\/assets\/platform\/Google\/star\/f.svg\" alt=\"Google\" width=\"17\" height=\"17\" loading=\"lazy\" ><\/trustindex-image><trustindex-image class=\"ti-star\" data-imgurl=\"https:\/\/cdn.trustindex.io\/assets\/platform\/Google\/star\/f.svg\" alt=\"Google\" width=\"17\" height=\"17\" loading=\"lazy\" ><\/trustindex-image><\/span> <div class=\"ti-rating-text\"> <span class=\"nowrap\">Com base em <strong>669 avalia\u00e7\u00f5es<\/strong><\/span> <\/div> <div class=\"ti-large-logo\"> <div class=\"ti-v-center\"> <trustindex-image class=\"ti-logo-fb\" data-imgurl=\"https:\/\/cdn.trustindex.io\/assets\/platform\/Google\/logo.svg\" width=\"150\" height=\"25\" loading=\"lazy\" alt=\"Google\" width=\"150\" height=\"25\" ><\/trustindex-image> <\/div> <\/div> <\/div> <\/div> <div class=\"ti-reviews-container\"> <div class=\"ti-controls\"> <div class=\"ti-next\" aria-label=\"Pr\u00f3xima avalia\u00e7\u00e3o\" role=\"button\"><\/div> <div class=\"ti-prev\" aria-label=\"Avalia\u00e7\u00e3o anterior\" role=\"button\"><\/div> <\/div> <div class=\"ti-reviews-container-wrapper\">  <div data-empty=\"0\" class=\"ti-review-item source-Google ti-image-layout-thumbnail\" data-id=\"cfcd208495d565ef66e7dff9f98764da\" > <div class=\"ti-inner\"> <div class=\"ti-review-header\"> <trustindex-image class=\"ti-platform-icon\" data-imgurl=\"https:\/\/cdn.trustindex.io\/assets\/platform\/Google\/icon.svg\" alt=\"Google\" width=\"20\" height=\"20\" loading=\"lazy\" ><\/trustindex-image> <div class=\"ti-profile-img\"> <trustindex-image data-imgurl=\"https:\/\/lh3.googleusercontent.com\/a-\/ALV-UjXOF6fph7jBNTZOvc41hwlEL-LzoodforZNHcOC3xO2LjiRrz4Q=w40-h40-c-rp-mo-ba5-br100\" data-imgurlset=\"https:\/\/lh3.googleusercontent.com\/a-\/ALV-UjXOF6fph7jBNTZOvc41hwlEL-LzoodforZNHcOC3xO2LjiRrz4Q=w80-h80-c-rp-mo-ba5-br100 2x\" alt=\"Talitha Benevenuto profile picture\" loading=\"lazy\" ><\/trustindex-image> <\/div> <div class=\"ti-profile-details\"> <div class=\"ti-name\"> Talitha Benevenuto <\/div> <div class=\"ti-date\">19\/10\/2024<\/div> <\/div> <\/div> <span class=\"ti-stars\"><trustindex-image class=\"ti-star\" data-imgurl=\"https:\/\/cdn.trustindex.io\/assets\/platform\/Google\/star\/f.svg\" alt=\"Google\" width=\"17\" height=\"17\" loading=\"lazy\" ><\/trustindex-image><trustindex-image class=\"ti-star\" data-imgurl=\"https:\/\/cdn.trustindex.io\/assets\/platform\/Google\/star\/f.svg\" alt=\"Google\" width=\"17\" height=\"17\" loading=\"lazy\" ><\/trustindex-image><trustindex-image class=\"ti-star\" data-imgurl=\"https:\/\/cdn.trustindex.io\/assets\/platform\/Google\/star\/f.svg\" alt=\"Google\" width=\"17\" height=\"17\" loading=\"lazy\" ><\/trustindex-image><trustindex-image class=\"ti-star\" data-imgurl=\"https:\/\/cdn.trustindex.io\/assets\/platform\/Google\/star\/f.svg\" alt=\"Google\" width=\"17\" height=\"17\" loading=\"lazy\" ><\/trustindex-image><trustindex-image class=\"ti-star\" data-imgurl=\"https:\/\/cdn.trustindex.io\/assets\/platform\/Google\/star\/f.svg\" alt=\"Google\" width=\"17\" height=\"17\" loading=\"lazy\" ><\/trustindex-image><span class=\"ti-verified-review ti-verified-platform\"><span class=\"ti-verified-tooltip\">Trustindex verifica se a fonte original da avalia\u00e7\u00e3o \u00e9 Google.<\/span><\/span><\/span> <div class=\"ti-review-text-container ti-review-content\"><!-- R-CONTENT -->Que delicia de lugar. Musica ao vivo, mesas ao ar livre, variedade de cervejas e pizza como aperitivo. O atendimento \u00e9 bem cordial e rapido. Usam comandas individuais. Gostei bastante e vou voltar mais vezes. \ud83d\ude09<!-- R-CONTENT --><\/div> <span class=\"ti-read-more\" data-container=\".ti-review-content\" data-collapse-text=\"Esconder\" data-open-text=\"Consulte Mais informa\u00e7\u00e3o\" ><\/span> <\/div> <\/div>  <div data-empty=\"0\" class=\"ti-review-item source-Google ti-image-layout-thumbnail\" data-id=\"cfcd208495d565ef66e7dff9f98764da\" > <div class=\"ti-inner\"> <div class=\"ti-review-header\"> <trustindex-image class=\"ti-platform-icon\" data-imgurl=\"https:\/\/cdn.trustindex.io\/assets\/platform\/Google\/icon.svg\" alt=\"Google\" width=\"20\" height=\"20\" loading=\"lazy\" ><\/trustindex-image> <div class=\"ti-profile-img\"> <trustindex-image data-imgurl=\"https:\/\/lh3.googleusercontent.com\/a-\/ALV-UjWpfwswLiuHS7UPPb3gdCVQRbHuGWprgGZf8BGaDyq8DQT-0f-m=w40-h40-c-rp-mo-ba3-br100\" data-imgurlset=\"https:\/\/lh3.googleusercontent.com\/a-\/ALV-UjWpfwswLiuHS7UPPb3gdCVQRbHuGWprgGZf8BGaDyq8DQT-0f-m=w80-h80-c-rp-mo-ba3-br100 2x\" alt=\"Fernando Costa Jr profile picture\" loading=\"lazy\" ><\/trustindex-image> <\/div> <div class=\"ti-profile-details\"> <div class=\"ti-name\"> Fernando Costa Jr <\/div> <div class=\"ti-date\">13\/10\/2024<\/div> <\/div> <\/div> <span class=\"ti-stars\"><trustindex-image class=\"ti-star\" data-imgurl=\"https:\/\/cdn.trustindex.io\/assets\/platform\/Google\/star\/f.svg\" alt=\"Google\" width=\"17\" height=\"17\" loading=\"lazy\" ><\/trustindex-image><trustindex-image class=\"ti-star\" data-imgurl=\"https:\/\/cdn.trustindex.io\/assets\/platform\/Google\/star\/f.svg\" alt=\"Google\" width=\"17\" height=\"17\" loading=\"lazy\" ><\/trustindex-image><trustindex-image class=\"ti-star\" data-imgurl=\"https:\/\/cdn.trustindex.io\/assets\/platform\/Google\/star\/f.svg\" alt=\"Google\" width=\"17\" height=\"17\" loading=\"lazy\" ><\/trustindex-image><trustindex-image class=\"ti-star\" data-imgurl=\"https:\/\/cdn.trustindex.io\/assets\/platform\/Google\/star\/f.svg\" alt=\"Google\" width=\"17\" height=\"17\" loading=\"lazy\" ><\/trustindex-image><trustindex-image class=\"ti-star\" data-imgurl=\"https:\/\/cdn.trustindex.io\/assets\/platform\/Google\/star\/f.svg\" alt=\"Google\" width=\"17\" height=\"17\" loading=\"lazy\" ><\/trustindex-image><span class=\"ti-verified-review ti-verified-platform\"><span class=\"ti-verified-tooltip\">Trustindex verifica se a fonte original da avalia\u00e7\u00e3o \u00e9 Google.<\/span><\/span><\/span> <div class=\"ti-review-text-container ti-review-content\"><!-- R-CONTENT -->Vale cada centavo ...<!-- R-CONTENT --><\/div> <span class=\"ti-read-more\" data-container=\".ti-review-content\" data-collapse-text=\"Esconder\" data-open-text=\"Consulte Mais informa\u00e7\u00e3o\" ><\/span> <\/div> <\/div>  <\/div> <div class=\"ti-controls-line\"> <div class=\"dot\"><\/div> <\/div> <\/div>   <\/div> <\/div> <\/template><\/pre><div data-src=\"https:\/\/cdn.trustindex.io\/loader.js?wp-widget\" data-template-id=\"trustindex-google-widget-html\" data-css-url=\"https:\/\/mafiosacervejaria.com.br\/mafiosa\/wp-content\/uploads\/trustindex-google-widget.css?1742994276\"><\/div><\/div>\n\t\t\t\t\t\t<\/div>\n\t\t\t\t\t<\/div>\n\t\t\t\t<\/div>\n\t\t\t\t<\/div>\n\t\t","protected":false},"excerpt":{"rendered":"<p>Uma Proposta Irrecus\u00e1vel A MAFIOSA A Mafiosa \u00e9 uma cervejaria cigana de Valinhos, come\u00e7ou a sua hist\u00f3ria em 2013 quando alguns amigos se reuniram para fazer cerveja em casa. O nome da cervejaria surgiu da produ\u00e7\u00e3o caseira, que lembrava as instala\u00e7\u00f5es onde eram fabricadas as bebidas durante a Lei Seca americana, controlada pela m\u00e1fia italiana. [&hellip;]<\/p>\n","protected":false},"author":1,"featured_media":0,"parent":0,"menu_order":0,"comment_status":"closed","ping_status":"closed","template":"elementor_header_footer","meta":{"footnotes":""},"class_list":["post-10","page","type-page","status-publish","hentry"],"_links":{"self":[{"href":"https:\/\/mafiosacervejaria.com.br\/mafiosa\/wp-json\/wp\/v2\/pages\/10","targetHints":{"allow":["GET"]}}],"collection":[{"href":"https:\/\/mafiosacervejaria.com.br\/mafiosa\/wp-json\/wp\/v2\/pages"}],"about":[{"href":"https:\/\/mafiosacervejaria.com.br\/mafiosa\/wp-json\/wp\/v2\/types\/page"}],"author":[{"embeddable":true,"href":"https:\/\/mafiosacervejaria.com.br\/mafiosa\/wp-json\/wp\/v2\/users\/1"}],"replies":[{"embeddable":true,"href":"https:\/\/mafiosacervejaria.com.br\/mafiosa\/wp-json\/wp\/v2\/comments?post=10"}],"version-history":[{"count":8,"href":"https:\/\/mafiosacervejaria.com.br\/mafiosa\/wp-json\/wp\/v2\/pages\/10\/revisions"}],"predecessor-version":[{"id":1678,"href":"https:\/\/mafiosacervejaria.com.br\/mafiosa\/wp-json\/wp\/v2\/pages\/10\/revisions\/1678"}],"wp:attachment":[{"href":"https:\/\/mafiosacervejaria.com.br\/mafiosa\/wp-json\/wp\/v2\/media?parent=10"}],"curies":[{"name":"wp","href":"https:\/\/api.w.org\/{rel}","templated":true}]}}